{"id":25,"date":"2015-02-24T16:02:38","date_gmt":"2015-02-24T16:02:38","guid":{"rendered":"http:\/\/demos.volovar.net\/beautyspot.wp\/demo2\/?page_id=25"},"modified":"2025-11-27T14:40:56","modified_gmt":"2025-11-27T14:40:56","slug":"home","status":"publish","type":"page","link":"http:\/\/veracruz.grupoibi.com.mx\/","title":{"rendered":"Home"},"content":{"rendered":"\t\t<div data-elementor-type=\"wp-page\" data-elementor-id=\"25\" class=\"elementor elementor-25\" data-elementor-post-type=\"page\">\n\t\t\t\t<div class=\"elementor-element elementor-element-a8efa57 e-grid e-con-full e-con e-parent\" data-id=\"a8efa57\" data-element_type=\"container\">\n\t\t\t\t<div class=\"elementor-element elementor-element-5f26bd0 elementor-widget elementor-widget-heading\" data-id=\"5f26bd0\" data-element_type=\"widget\" data-widget_type=\"heading.default\">\n\t\t\t\t<div class=\"elementor-widget-container\">\n\t\t\t\t\t<h2 class=\"elementor-heading-title elementor-size-default\">\ud83d\udc96 \ud83d\udc85\u2728Transforma tu pasi\u00f3n en tu profesi\u00f3n<\/h2>\t\t\t\t<\/div>\n\t\t\t\t<\/div>\n\t\t\t\t<div class=\"elementor-element elementor-element-13fe298 elementor-widget elementor-widget-video\" data-id=\"13fe298\" data-element_type=\"widget\" data-settings=\"{&quot;youtube_url&quot;:&quot;https:\\\/\\\/youtube.com\\\/shorts\\\/-tttsiBxfec?feature=share&quot;,&quot;autoplay&quot;:&quot;yes&quot;,&quot;play_on_mobile&quot;:&quot;yes&quot;,&quot;video_type&quot;:&quot;youtube&quot;,&quot;controls&quot;:&quot;yes&quot;}\" data-widget_type=\"video.default\">\n\t\t\t\t<div class=\"elementor-widget-container\">\n\t\t\t\t\t\t\t<div class=\"elementor-wrapper elementor-open-inline\">\n\t\t\t<div class=\"elementor-video\"><\/div>\t\t<\/div>\n\t\t\t\t\t\t<\/div>\n\t\t\t\t<\/div>\n\t\t\t\t<\/div>\n\t\t<div class=\"elementor-element elementor-element-bdb8a5d e-grid e-con-boxed e-con e-parent\" data-id=\"bdb8a5d\" data-element_type=\"container\">\n\t\t\t\t\t<div class=\"e-con-inner\">\n\t\t\t\t<div class=\"elementor-element elementor-element-e4979dd elementor-widget elementor-widget-text-editor\" data-id=\"e4979dd\" data-element_type=\"widget\" data-widget_type=\"text-editor.default\">\n\t\t\t\t<div class=\"elementor-widget-container\">\n\t\t\t\t\t\t\t\t\t<p>Formamos especialistas en <strong>Estilismo, Cosmetolog\u00eda y Barberia<\/strong>, con programas <strong data-start=\"576\" data-end=\"603\">certificados por la SEP<\/strong> y enfocados en la pr\u00e1ctica real.<\/p>\t\t\t\t\t\t\t\t<\/div>\n\t\t\t\t<\/div>\n\t\t\t\t<div class=\"elementor-element elementor-element-c73f107 elementor-widget elementor-widget-image\" data-id=\"c73f107\" data-element_type=\"widget\" data-widget_type=\"image.default\">\n\t\t\t\t<div class=\"elementor-widget-container\">\n\t\t\t\t\t\t\t\t\t\t\t\t\t\t\t<img fetchpriority=\"high\" decoding=\"async\" width=\"720\" height=\"1280\" src=\"http:\/\/veracruz.grupoibi.com.mx\/wp-content\/uploads\/2025\/10\/2.jpeg\" class=\"attachment-large size-large wp-image-16206\" alt=\"\" srcset=\"http:\/\/veracruz.grupoibi.com.mx\/wp-content\/uploads\/2025\/10\/2.jpeg 720w, http:\/\/veracruz.grupoibi.com.mx\/wp-content\/uploads\/2025\/10\/2-394x700.jpeg 394w, http:\/\/veracruz.grupoibi.com.mx\/wp-content\/uploads\/2025\/10\/2-600x1067.jpeg 600w\" sizes=\"(max-width: 720px) 100vw, 720px\" \/>\t\t\t\t\t\t\t\t\t\t\t\t\t\t\t<\/div>\n\t\t\t\t<\/div>\n\t\t\t\t\t<\/div>\n\t\t\t\t<\/div>\n\t\t<div class=\"elementor-element elementor-element-c412f97 e-grid e-con-boxed e-con e-parent\" data-id=\"c412f97\" data-element_type=\"container\">\n\t\t\t\t\t<div class=\"e-con-inner\">\n\t\t\t\t<div class=\"elementor-element elementor-element-b52c644 elementor-align-center elementor-widget elementor-widget-button\" data-id=\"b52c644\" data-element_type=\"widget\" data-widget_type=\"button.default\">\n\t\t\t\t<div class=\"elementor-widget-container\">\n\t\t\t\t\t\t\t\t\t<div class=\"elementor-button-wrapper\">\n\t\t\t\t\t<a class=\"elementor-button elementor-button-link elementor-size-sm\" href=\"https:\/\/veracruz.grupoibi.com.mx\/?page_id=429\">\n\t\t\t\t\t\t<span class=\"elementor-button-content-wrapper\">\n\t\t\t\t\t\t\t\t\t<span class=\"elementor-button-text\">Descubre nuestras carreras<\/span>\n\t\t\t\t\t<\/span>\n\t\t\t\t\t<\/a>\n\t\t\t\t<\/div>\n\t\t\t\t\t\t\t\t<\/div>\n\t\t\t\t<\/div>\n\t\t\t\t<div class=\"elementor-element elementor-element-c61f8b9 elementor-align-center elementor-widget elementor-widget-button\" data-id=\"c61f8b9\" data-element_type=\"widget\" data-widget_type=\"button.default\">\n\t\t\t\t<div class=\"elementor-widget-container\">\n\t\t\t\t\t\t\t\t\t<div class=\"elementor-button-wrapper\">\n\t\t\t\t\t<a class=\"elementor-button elementor-button-link elementor-size-sm\" href=\"https:\/\/wa.me\/2299083750\">\n\t\t\t\t\t\t<span class=\"elementor-button-content-wrapper\">\n\t\t\t\t\t\t\t\t\t<span class=\"elementor-button-text\">Inscr\u00edbete hoy<\/span>\n\t\t\t\t\t<\/span>\n\t\t\t\t\t<\/a>\n\t\t\t\t<\/div>\n\t\t\t\t\t\t\t\t<\/div>\n\t\t\t\t<\/div>\n\t\t\t\t\t<\/div>\n\t\t\t\t<\/div>\n\t\t<div class=\"elementor-element elementor-element-58c7e4b e-grid e-con-boxed e-con e-parent\" data-id=\"58c7e4b\" data-element_type=\"container\">\n\t\t\t\t\t<div class=\"e-con-inner\">\n\t\t\t\t<div class=\"elementor-element elementor-element-8dc08a9 elementor-widget elementor-widget-text-editor\" data-id=\"8dc08a9\" data-element_type=\"widget\" data-widget_type=\"text-editor.default\">\n\t\t\t\t<div class=\"elementor-widget-container\">\n\t\t\t\t\t\t\t\t\t<p>\ud83d\udc85\u2728 <strong>IBI<\/strong> donde la<strong> belleza<\/strong> se <strong>aprende<\/strong>, se<strong> practica<\/strong> y se <strong>convierte en \u00e9xito<\/strong>.\ud83c\udf37\ud83d\udc96<\/p>\t\t\t\t\t\t\t\t<\/div>\n\t\t\t\t<\/div>\n\t\t\t\t\t<\/div>\n\t\t\t\t<\/div>\n\t\t\t\t<\/div>\n\t\t","protected":false},"excerpt":{"rendered":"<p>\ud83d\udc96 \ud83d\udc85\u2728Transforma tu pasi\u00f3n en tu profesi\u00f3n https:\/\/youtube.com\/shorts\/-tttsiBxfec?feature=share Formamos especialistas en Estilismo, Cosmetolog\u00eda y Barberia, con programas certificados por la SEP y enfocados en la pr\u00e1ctica real. Descubre nuestras carreras Inscr\u00edbete hoy \ud83d\udc85\u2728 IBI donde la belleza se aprende, se practica y se convierte en \u00e9xito.\ud83c\udf37\ud83d\udc96<\/p>\n","protected":false},"author":1,"featured_media":0,"parent":0,"menu_order":0,"comment_status":"open","ping_status":"open","template":"template-fullsize-wo-title.php","meta":{"footnotes":""},"class_list":["post-25","page","type-page","status-publish","hentry"],"_links":{"self":[{"href":"http:\/\/veracruz.grupoibi.com.mx\/index.php?rest_route=\/wp\/v2\/pages\/25","targetHints":{"allow":["GET"]}}],"collection":[{"href":"http:\/\/veracruz.grupoibi.com.mx\/index.php?rest_route=\/wp\/v2\/pages"}],"about":[{"href":"http:\/\/veracruz.grupoibi.com.mx\/index.php?rest_route=\/wp\/v2\/types\/page"}],"author":[{"embeddable":true,"href":"http:\/\/veracruz.grupoibi.com.mx\/index.php?rest_route=\/wp\/v2\/users\/1"}],"replies":[{"embeddable":true,"href":"http:\/\/veracruz.grupoibi.com.mx\/index.php?rest_route=%2Fwp%2Fv2%2Fcomments&post=25"}],"version-history":[{"count":188,"href":"http:\/\/veracruz.grupoibi.com.mx\/index.php?rest_route=\/wp\/v2\/pages\/25\/revisions"}],"predecessor-version":[{"id":16527,"href":"http:\/\/veracruz.grupoibi.com.mx\/index.php?rest_route=\/wp\/v2\/pages\/25\/revisions\/16527"}],"wp:attachment":[{"href":"http:\/\/veracruz.grupoibi.com.mx\/index.php?rest_route=%2Fwp%2Fv2%2Fmedia&parent=25"}],"curies":[{"name":"wp","href":"https:\/\/api.w.org\/{rel}","templated":true}]}}